{"id":266,"date":"2025-02-27T17:05:03","date_gmt":"2025-02-27T16:05:03","guid":{"rendered":"https:\/\/iotbcn.com\/?page_id=266"},"modified":"2025-02-27T17:24:48","modified_gmt":"2025-02-27T16:24:48","slug":"integraciones","status":"publish","type":"page","link":"https:\/\/iotbcn.com\/?page_id=266","title":{"rendered":"Integraciones"},"content":{"rendered":"\t\t<div data-elementor-type=\"wp-page\" data-elementor-id=\"266\" class=\"elementor elementor-266\">\n\t\t\t\t\t\t<section class=\"elementor-section elementor-top-section elementor-element elementor-element-201a4f82 elementor-section-boxed elementor-section-height-default elementor-section-height-default\" data-id=\"201a4f82\" data-element_type=\"section\" data-settings=\"{&quot;background_background&quot;:&quot;gradient&quot;}\">\n\t\t\t\t\t\t<div class=\"elementor-container elementor-column-gap-no\">\n\t\t\t\t\t<div class=\"elementor-column elementor-col-100 elementor-top-column elementor-element elementor-element-49484ab2\" data-id=\"49484ab2\" data-element_type=\"column\">\n\t\t\t<div class=\"elementor-widget-wrap elementor-element-populated\">\n\t\t\t\t\t\t<div class=\"elementor-element elementor-element-64e9fee9 elementor-widget elementor-widget-heading\" data-id=\"64e9fee9\" data-element_type=\"widget\" data-widget_type=\"heading.default\">\n\t\t\t\t<div class=\"elementor-widget-container\">\n\t\t\t\t\t<p class=\"elementor-heading-title elementor-size-default\">Integraciones<\/p>\t\t\t\t<\/div>\n\t\t\t\t<\/div>\n\t\t\t\t<div class=\"elementor-element elementor-element-300c0bc9 elementor-widget__width-initial elementor-absolute elementor-widget elementor-widget-image\" data-id=\"300c0bc9\" data-element_type=\"widget\" data-settings=\"{&quot;_position&quot;:&quot;absolute&quot;}\" data-widget_type=\"image.default\">\n\t\t\t\t<div class=\"elementor-widget-container\">\n\t\t\t\t\t\t\t\t\t\t\t\t\t\t\t<img decoding=\"async\" width=\"39\" height=\"39\" src=\"https:\/\/iotbcn.com\/wp-content\/uploads\/2024\/03\/4fd38dc7-object-20-a.png\" class=\"attachment-full size-full wp-image-16\" alt=\"\" \/>\t\t\t\t\t\t\t\t\t\t\t\t\t\t\t<\/div>\n\t\t\t\t<\/div>\n\t\t\t\t\t<\/div>\n\t\t<\/div>\n\t\t\t\t\t<\/div>\n\t\t<\/section>\n\t\t\t\t<section class=\"elementor-section elementor-top-section elementor-element elementor-element-671dac47 elementor-section-content-middle elementor-section-boxed elementor-section-height-default elementor-section-height-default\" data-id=\"671dac47\" data-element_type=\"section\">\n\t\t\t\t\t\t<div class=\"elementor-container elementor-column-gap-no\">\n\t\t\t\t\t<div class=\"elementor-column elementor-col-50 elementor-top-column elementor-element elementor-element-51b2c0c1\" data-id=\"51b2c0c1\" data-element_type=\"column\">\n\t\t\t<div class=\"elementor-widget-wrap elementor-element-populated\">\n\t\t\t\t\t\t<div class=\"elementor-element elementor-element-7976cd45 elementor-invisible elementor-widget elementor-widget-image\" data-id=\"7976cd45\" data-element_type=\"widget\" data-settings=\"{&quot;_animation&quot;:&quot;zoomIn&quot;}\" data-widget_type=\"image.default\">\n\t\t\t\t<div class=\"elementor-widget-container\">\n\t\t\t\t\t\t\t\t\t\t\t\t\t\t\t<img fetchpriority=\"high\" decoding=\"async\" width=\"2560\" height=\"1708\" src=\"https:\/\/iotbcn.com\/wp-content\/uploads\/2025\/02\/pexels-thisisengineering-3861943-scaled.jpg\" class=\"attachment-full size-full wp-image-268\" alt=\"\" srcset=\"https:\/\/iotbcn.com\/wp-content\/uploads\/2025\/02\/pexels-thisisengineering-3861943-scaled.jpg 2560w, https:\/\/iotbcn.com\/wp-content\/uploads\/2025\/02\/pexels-thisisengineering-3861943-300x200.jpg 300w, https:\/\/iotbcn.com\/wp-content\/uploads\/2025\/02\/pexels-thisisengineering-3861943-1024x683.jpg 1024w, https:\/\/iotbcn.com\/wp-content\/uploads\/2025\/02\/pexels-thisisengineering-3861943-768x512.jpg 768w, https:\/\/iotbcn.com\/wp-content\/uploads\/2025\/02\/pexels-thisisengineering-3861943-1536x1025.jpg 1536w, https:\/\/iotbcn.com\/wp-content\/uploads\/2025\/02\/pexels-thisisengineering-3861943-2048x1366.jpg 2048w\" sizes=\"(max-width: 2560px) 100vw, 2560px\" \/>\t\t\t\t\t\t\t\t\t\t\t\t\t\t\t<\/div>\n\t\t\t\t<\/div>\n\t\t\t\t\t<\/div>\n\t\t<\/div>\n\t\t\t\t<div class=\"elementor-column elementor-col-50 elementor-top-column elementor-element elementor-element-4e2b1d96\" data-id=\"4e2b1d96\" data-element_type=\"column\">\n\t\t\t<div class=\"elementor-widget-wrap elementor-element-populated\">\n\t\t\t\t\t\t<div class=\"elementor-element elementor-element-37eeada5 elementor-widget__width-initial elementor-widget-tablet__width-inherit elementor-invisible elementor-widget elementor-widget-heading\" data-id=\"37eeada5\" data-element_type=\"widget\" data-settings=\"{&quot;_animation&quot;:&quot;fadeInRight&quot;}\" data-widget_type=\"heading.default\">\n\t\t\t\t<div class=\"elementor-widget-container\">\n\t\t\t\t\t<h2 class=\"elementor-heading-title elementor-size-default\">Conectando tu negocio con soluciones tecnol\u00f3gicas eficientes\n<\/h2>\t\t\t\t<\/div>\n\t\t\t\t<\/div>\n\t\t\t\t<div class=\"elementor-element elementor-element-274e7bc2 elementor-invisible elementor-widget elementor-widget-text-editor\" data-id=\"274e7bc2\" data-element_type=\"widget\" data-settings=\"{&quot;_animation&quot;:&quot;fadeInRight&quot;}\" data-widget_type=\"text-editor.default\">\n\t\t\t\t<div class=\"elementor-widget-container\">\n\t\t\t\t\t\t\t\t\t<p data-start=\"305\" data-end=\"611\">Entendemos que la eficiencia y la automatizaci\u00f3n son clave para el \u00e9xito empresarial. Por ello, ofrecemos servicios de <strong data-start=\"455\" data-end=\"470\">integraci\u00f3n<\/strong> que permiten que tus sistemas, aplicaciones y plataformas se comuniquen de manera fluida, optimizando procesos y mejorando la productividad.<\/p><p data-start=\"613\" data-end=\"907\">Ya sea que necesites <strong data-start=\"634\" data-end=\"670\">integrar aplicaciones existentes<\/strong> mediante <strong data-start=\"680\" data-end=\"688\">APIs<\/strong> o <strong data-start=\"691\" data-end=\"718\">desarrollar nuevas APIs<\/strong> para facilitar la interacci\u00f3n entre sistemas, nuestro equipo de expertos est\u00e1 preparado para brindarte soluciones personalizadas que se adaptan a las necesidades espec\u00edficas de tu negocio.<\/p>\t\t\t\t\t\t\t\t<\/div>\n\t\t\t\t<\/div>\n\t\t\t\t\t<\/div>\n\t\t<\/div>\n\t\t\t\t\t<\/div>\n\t\t<\/section>\n\t\t<div class=\"elementor-element elementor-element-c7e2eac e-flex e-con-boxed e-con e-parent\" data-id=\"c7e2eac\" data-element_type=\"container\">\n\t\t\t\t\t<div class=\"e-con-inner\">\n\t\t<div class=\"elementor-element elementor-element-a1dedf2 e-con-full e-grid e-con e-child\" data-id=\"a1dedf2\" data-element_type=\"container\">\n\t\t\t\t<div class=\"elementor-element elementor-element-030a9b7 elementor-widget elementor-widget-heading\" data-id=\"030a9b7\" data-element_type=\"widget\" data-widget_type=\"heading.default\">\n\t\t\t\t<div class=\"elementor-widget-container\">\n\t\t\t\t\t<h2 class=\"elementor-heading-title elementor-size-default\"><strong data-start=\"894\" data-end=\"925\">An\u00e1lisis de <br>tus necesidades<\/strong><\/h2>\t\t\t\t<\/div>\n\t\t\t\t<\/div>\n\t\t\t\t<div class=\"elementor-element elementor-element-c36acaa elementor-widget elementor-widget-heading\" data-id=\"c36acaa\" data-element_type=\"widget\" data-widget_type=\"heading.default\">\n\t\t\t\t<div class=\"elementor-widget-container\">\n\t\t\t\t\t<h2 class=\"elementor-heading-title elementor-size-default\">Dise\u00f1o de la soluci\u00f3n de integraci\u00f3n<\/h2>\t\t\t\t<\/div>\n\t\t\t\t<\/div>\n\t\t\t\t<div class=\"elementor-element elementor-element-957053f elementor-widget elementor-widget-heading\" data-id=\"957053f\" data-element_type=\"widget\" data-widget_type=\"heading.default\">\n\t\t\t\t<div class=\"elementor-widget-container\">\n\t\t\t\t\t<h2 class=\"elementor-heading-title elementor-size-default\"><strong data-start=\"1536\" data-end=\"1569\">Implementaci\u00f3n y pruebas<\/strong><\/h2>\t\t\t\t<\/div>\n\t\t\t\t<\/div>\n\t\t\t\t<div class=\"elementor-element elementor-element-1b93218 elementor-widget elementor-widget-heading\" data-id=\"1b93218\" data-element_type=\"widget\" data-widget_type=\"heading.default\">\n\t\t\t\t<div class=\"elementor-widget-container\">\n\t\t\t\t\t<h2 class=\"elementor-heading-title elementor-size-default\">Despliegue y soporte<\/h2>\t\t\t\t<\/div>\n\t\t\t\t<\/div>\n\t\t\t\t<\/div>\n\t\t\t\t<div class=\"elementor-element elementor-element-c4c8096 elementor-widget elementor-widget-text-editor\" data-id=\"c4c8096\" data-element_type=\"widget\" data-widget_type=\"text-editor.default\">\n\t\t\t\t<div class=\"elementor-widget-container\">\n\t\t\t\t\t\t\t\t\t<ul data-start=\"954\" data-end=\"2373\"><li data-start=\"954\" data-end=\"1231\"><p data-start=\"957\" data-end=\"1231\"><strong data-start=\"957\" data-end=\"984\">An\u00e1lisis de necesidades<\/strong> Comenzamos con una evaluaci\u00f3n detallada de tus sistemas y procesos actuales. Nos reunimos contigo para comprender los desaf\u00edos que enfrentas y las oportunidades de mejora, identificando las \u00e1reas donde la integraci\u00f3n puede aportar mayor valor.<\/p><\/li><li data-start=\"1233\" data-end=\"1872\"><p data-start=\"1236\" data-end=\"1363\"><strong data-start=\"1236\" data-end=\"1276\">Dise\u00f1o de la soluci\u00f3n de integraci\u00f3n<\/strong> Con base en el an\u00e1lisis, dise\u00f1amos una estrategia de integraci\u00f3n que puede incluir:<\/p><ul data-start=\"1367\" data-end=\"1872\"><li data-start=\"1367\" data-end=\"1616\"><strong data-start=\"1369\" data-end=\"1404\">Integraci\u00f3n de APIs existentes:<\/strong> Conectamos tus aplicaciones con <strong data-start=\"1437\" data-end=\"1465\">APIs p\u00fablicas o privadas<\/strong> para aprovechar funcionalidades y datos de terceros, mejorando la eficiencia y reduciendo tiempos de desarrollo.<\/li><li data-start=\"1620\" data-end=\"1872\"><strong data-start=\"1622\" data-end=\"1652\">Desarrollo de nuevas APIs:<\/strong> Si es necesario, creamos <strong data-start=\"1678\" data-end=\"1701\">APIs personalizadas<\/strong> que faciliten la comunicaci\u00f3n entre tus sistemas internos o con aplicaciones externas, asegurando una integraci\u00f3n perfecta y segura.<\/li><\/ul><\/li><\/ul><ul data-start=\"954\" data-end=\"2373\"><li data-start=\"1874\" data-end=\"2130\"><p data-start=\"1877\" data-end=\"2130\"><strong data-start=\"1877\" data-end=\"1905\">Implementaci\u00f3n y pruebas<\/strong> Procedemos a la implementaci\u00f3n de la soluci\u00f3n de integraci\u00f3n, realizando pruebas exhaustivas para garantizar que todos los sistemas se comuniquen correctamente y que los datos se intercambien de manera segura y eficiente.<\/p><\/li><li data-start=\"2132\" data-end=\"2373\"><p data-start=\"2135\" data-end=\"2373\"><strong data-start=\"2135\" data-end=\"2159\">Despliegue y soporte<\/strong> Una vez validadas las integraciones, las desplegamos en tu entorno de producci\u00f3n. Ofrecemos soporte continuo para resolver cualquier incidencia y asegurarnos de que las integraciones funcionen de manera \u00f3ptima.<\/p><\/li><\/ul>\t\t\t\t\t\t\t\t<\/div>\n\t\t\t\t<\/div>\n\t\t\t\t\t<\/div>\n\t\t\t\t<\/div>\n\t\t<div class=\"elementor-element elementor-element-de0cc52 e-flex e-con-boxed e-con e-parent\" data-id=\"de0cc52\" data-element_type=\"container\">\n\t\t\t\t\t<div class=\"e-con-inner\">\n\t\t<div class=\"elementor-element elementor-element-a57c4f9 e-con-full e-flex e-con e-child\" data-id=\"a57c4f9\" data-element_type=\"container\">\n\t\t\t\t<div class=\"elementor-element elementor-element-7afd9ff elementor-widget elementor-widget-image\" data-id=\"7afd9ff\" data-element_type=\"widget\" data-widget_type=\"image.default\">\n\t\t\t\t<div class=\"elementor-widget-container\">\n\t\t\t\t\t\t\t\t\t\t\t\t\t\t\t<img decoding=\"async\" width=\"1000\" height=\"1000\" src=\"https:\/\/iotbcn.com\/wp-content\/uploads\/2025\/02\/Iot-pagina-principal.png\" class=\"attachment-full size-full wp-image-135\" alt=\"\" srcset=\"https:\/\/iotbcn.com\/wp-content\/uploads\/2025\/02\/Iot-pagina-principal.png 1000w, https:\/\/iotbcn.com\/wp-content\/uploads\/2025\/02\/Iot-pagina-principal-300x300.png 300w, https:\/\/iotbcn.com\/wp-content\/uploads\/2025\/02\/Iot-pagina-principal-150x150.png 150w, https:\/\/iotbcn.com\/wp-content\/uploads\/2025\/02\/Iot-pagina-principal-768x768.png 768w, https:\/\/iotbcn.com\/wp-content\/uploads\/2025\/02\/Iot-pagina-principal-100x100.png 100w, https:\/\/iotbcn.com\/wp-content\/uploads\/2025\/02\/Iot-pagina-principal-200x200.png 200w, https:\/\/iotbcn.com\/wp-content\/uploads\/2025\/02\/Iot-pagina-principal-400x400.png 400w, https:\/\/iotbcn.com\/wp-content\/uploads\/2025\/02\/Iot-pagina-principal-500x500.png 500w\" sizes=\"(max-width: 1000px) 100vw, 1000px\" \/>\t\t\t\t\t\t\t\t\t\t\t\t\t\t\t<\/div>\n\t\t\t\t<\/div>\n\t\t\t\t<\/div>\n\t\t<div class=\"elementor-element elementor-element-99cc1fc e-con-full e-flex e-con e-child\" data-id=\"99cc1fc\" data-element_type=\"container\">\n\t\t\t\t<div class=\"elementor-element elementor-element-af0c5dc elementor-widget elementor-widget-heading\" data-id=\"af0c5dc\" data-element_type=\"widget\" data-widget_type=\"heading.default\">\n\t\t\t\t<div class=\"elementor-widget-container\">\n\t\t\t\t\t<h1 class=\"elementor-heading-title elementor-size-default\">\u00bfPor qu\u00e9 elegir nuestras soluciones de integraci\u00f3n?\n<\/h1>\t\t\t\t<\/div>\n\t\t\t\t<\/div>\n\t\t\t\t<div class=\"elementor-element elementor-element-76ea7a6 elementor-widget elementor-widget-text-editor\" data-id=\"76ea7a6\" data-element_type=\"widget\" data-widget_type=\"text-editor.default\">\n\t\t\t\t<div class=\"elementor-widget-container\">\n\t\t\t\t\t\t\t\t\t<h3 data-start=\"2472\" data-end=\"2519\">\u00a0<\/h3><ul data-start=\"2521\" data-end=\"3080\"><li data-start=\"2438\" data-end=\"2636\"><strong data-start=\"2440\" data-end=\"2470\">Soluciones personalizadas:<\/strong> Dise\u00f1amos integraciones que se adaptan a las necesidades espec\u00edficas de tu negocio, ya sea mediante el uso de <strong data-start=\"2581\" data-end=\"2600\">APIs existentes<\/strong> o el desarrollo de <strong data-start=\"2620\" data-end=\"2635\">nuevas APIs<\/strong>.<\/li><li data-start=\"2637\" data-end=\"2776\"><strong data-start=\"2639\" data-end=\"2667\">Mejora de la eficiencia:<\/strong> Automatizamos procesos y facilitamos la comunicaci\u00f3n entre sistemas, reduciendo tiempos y costos operativos.<\/li><li data-start=\"2777\" data-end=\"2939\"><strong data-start=\"2779\" data-end=\"2797\">Escalabilidad:<\/strong> Nuestras soluciones est\u00e1n dise\u00f1adas para crecer con tu empresa, permitiendo la incorporaci\u00f3n de nuevas aplicaciones y servicios en el futuro.<\/li><li data-start=\"2940\" data-end=\"3073\"><strong data-start=\"2942\" data-end=\"2956\">Seguridad:<\/strong> Implementamos medidas de seguridad robustas para proteger tus datos y garantizar la integridad de las integraciones.<\/li><li data-start=\"3074\" data-end=\"3253\"><strong data-start=\"3076\" data-end=\"3097\">Soporte continuo:<\/strong> Brindamos asistencia post-implementaci\u00f3n para asegurar el correcto funcionamiento de las integraciones y resolver cualquier inconveniente que pueda surgir.<\/li><\/ul>\t\t\t\t\t\t\t\t<\/div>\n\t\t\t\t<\/div>\n\t\t\t\t<\/div>\n\t\t\t\t\t<\/div>\n\t\t\t\t<\/div>\n\t\t\t\t<\/div>\n\t\t","protected":false},"excerpt":{"rendered":"<p>Integraciones Conectando tu negocio con soluciones tecnol\u00f3gicas eficientes Entendemos que la eficiencia y la automatizaci\u00f3n son clave para el \u00e9xito [&hellip;]<\/p>\n","protected":false},"author":1,"featured_media":0,"parent":0,"menu_order":0,"comment_status":"closed","ping_status":"closed","template":"elementor_header_footer","meta":{"site-sidebar-layout":"default","site-content-layout":"","ast-site-content-layout":"","site-content-style":"default","site-sidebar-style":"default","ast-global-header-display":"","ast-banner-title-visibility":"","ast-main-header-display":"","ast-hfb-above-header-display":"","ast-hfb-below-header-display":"","ast-hfb-mobile-header-display":"","site-post-title":"","ast-breadcrumbs-content":"","ast-featured-img":"","footer-sml-layout":"","theme-transparent-header-meta":"","adv-header-id-meta":"","stick-header-meta":"","header-above-stick-meta":"","header-main-stick-meta":"","header-below-stick-meta":"","astra-migrate-meta-layouts":"default","ast-page-background-enabled":"default","ast-page-background-meta":{"desktop":{"background-color":"var(--ast-global-color-5)","background-image":"","background-repeat":"repeat","background-position":"center center","background-size":"auto","background-attachment":"scroll","background-type":"","background-media":"","overlay-type":"","overlay-color":"","overlay-opacity":"","overlay-gradient":""},"tablet":{"background-color":"","background-image":"","background-repeat":"repeat","background-position":"center center","background-size":"auto","background-attachment":"scroll","background-type":"","background-media":"","overlay-type":"","overlay-color":"","overlay-opacity":"","overlay-gradient":""},"mobile":{"background-color":"","background-image":"","background-repeat":"repeat","background-position":"center center","background-size":"auto","background-attachment":"scroll","background-type":"","background-media":"","overlay-type":"","overlay-color":"","overlay-opacity":"","overlay-gradient":""}},"ast-content-background-meta":{"desktop":{"background-color":"var(--ast-global-color-4)","background-image":"","background-repeat":"repeat","background-position":"center center","background-size":"auto","background-attachment":"scroll","background-type":"","background-media":"","overlay-type":"","overlay-color":"","overlay-opacity":"","overlay-gradient":""},"tablet":{"background-color":"var(--ast-global-color-4)","background-image":"","background-repeat":"repeat","background-position":"center center","background-size":"auto","background-attachment":"scroll","background-type":"","background-media":"","overlay-type":"","overlay-color":"","overlay-opacity":"","overlay-gradient":""},"mobile":{"background-color":"var(--ast-global-color-4)","background-image":"","background-repeat":"repeat","background-position":"center center","background-size":"auto","background-attachment":"scroll","background-type":"","background-media":"","overlay-type":"","overlay-color":"","overlay-opacity":"","overlay-gradient":""}},"footnotes":""},"class_list":["post-266","page","type-page","status-publish","hentry"],"_links":{"self":[{"href":"https:\/\/iotbcn.com\/index.php?rest_route=\/wp\/v2\/pages\/266","targetHints":{"allow":["GET"]}}],"collection":[{"href":"https:\/\/iotbcn.com\/index.php?rest_route=\/wp\/v2\/pages"}],"about":[{"href":"https:\/\/iotbcn.com\/index.php?rest_route=\/wp\/v2\/types\/page"}],"author":[{"embeddable":true,"href":"https:\/\/iotbcn.com\/index.php?rest_route=\/wp\/v2\/users\/1"}],"replies":[{"embeddable":true,"href":"https:\/\/iotbcn.com\/index.php?rest_route=%2Fwp%2Fv2%2Fcomments&post=266"}],"version-history":[{"count":7,"href":"https:\/\/iotbcn.com\/index.php?rest_route=\/wp\/v2\/pages\/266\/revisions"}],"predecessor-version":[{"id":274,"href":"https:\/\/iotbcn.com\/index.php?rest_route=\/wp\/v2\/pages\/266\/revisions\/274"}],"wp:attachment":[{"href":"https:\/\/iotbcn.com\/index.php?rest_route=%2Fwp%2Fv2%2Fmedia&parent=266"}],"curies":[{"name":"wp","href":"https:\/\/api.w.org\/{rel}","templated":true}]}}