{"id":252,"date":"2025-02-26T21:05:04","date_gmt":"2025-02-26T20:05:04","guid":{"rendered":"https:\/\/iotbcn.com\/?page_id=252"},"modified":"2025-02-27T16:48:55","modified_gmt":"2025-02-27T15:48:55","slug":"sistemas-a-medida","status":"publish","type":"page","link":"https:\/\/iotbcn.com\/?page_id=252","title":{"rendered":"Sistemas a medida"},"content":{"rendered":"\t\t<div data-elementor-type=\"wp-page\" data-elementor-id=\"252\" class=\"elementor elementor-252\">\n\t\t\t\t\t\t<section class=\"elementor-section elementor-top-section elementor-element elementor-element-201a4f82 elementor-section-boxed elementor-section-height-default elementor-section-height-default\" data-id=\"201a4f82\" data-element_type=\"section\" data-settings=\"{&quot;background_background&quot;:&quot;gradient&quot;}\">\n\t\t\t\t\t\t<div class=\"elementor-container elementor-column-gap-no\">\n\t\t\t\t\t<div class=\"elementor-column elementor-col-100 elementor-top-column elementor-element elementor-element-49484ab2\" data-id=\"49484ab2\" data-element_type=\"column\">\n\t\t\t<div class=\"elementor-widget-wrap elementor-element-populated\">\n\t\t\t\t\t\t<div class=\"elementor-element elementor-element-64e9fee9 elementor-widget elementor-widget-heading\" data-id=\"64e9fee9\" data-element_type=\"widget\" data-widget_type=\"heading.default\">\n\t\t\t\t<div class=\"elementor-widget-container\">\n\t\t\t\t\t<p class=\"elementor-heading-title elementor-size-default\">Sistemas a medida<\/p>\t\t\t\t<\/div>\n\t\t\t\t<\/div>\n\t\t\t\t<div class=\"elementor-element elementor-element-300c0bc9 elementor-widget__width-initial elementor-absolute elementor-widget elementor-widget-image\" data-id=\"300c0bc9\" data-element_type=\"widget\" data-settings=\"{&quot;_position&quot;:&quot;absolute&quot;}\" data-widget_type=\"image.default\">\n\t\t\t\t<div class=\"elementor-widget-container\">\n\t\t\t\t\t\t\t\t\t\t\t\t\t\t\t<img decoding=\"async\" width=\"39\" height=\"39\" src=\"https:\/\/iotbcn.com\/wp-content\/uploads\/2024\/03\/4fd38dc7-object-20-a.png\" class=\"attachment-full size-full wp-image-16\" alt=\"\" \/>\t\t\t\t\t\t\t\t\t\t\t\t\t\t\t<\/div>\n\t\t\t\t<\/div>\n\t\t\t\t\t<\/div>\n\t\t<\/div>\n\t\t\t\t\t<\/div>\n\t\t<\/section>\n\t\t\t\t<section class=\"elementor-section elementor-top-section elementor-element elementor-element-671dac47 elementor-section-content-middle elementor-section-boxed elementor-section-height-default elementor-section-height-default\" data-id=\"671dac47\" data-element_type=\"section\">\n\t\t\t\t\t\t<div class=\"elementor-container elementor-column-gap-no\">\n\t\t\t\t\t<div class=\"elementor-column elementor-col-50 elementor-top-column elementor-element elementor-element-51b2c0c1\" data-id=\"51b2c0c1\" data-element_type=\"column\">\n\t\t\t<div class=\"elementor-widget-wrap elementor-element-populated\">\n\t\t\t\t\t\t<div class=\"elementor-element elementor-element-7976cd45 elementor-invisible elementor-widget elementor-widget-image\" data-id=\"7976cd45\" data-element_type=\"widget\" data-settings=\"{&quot;_animation&quot;:&quot;zoomIn&quot;}\" data-widget_type=\"image.default\">\n\t\t\t\t<div class=\"elementor-widget-container\">\n\t\t\t\t\t\t\t\t\t\t\t\t\t\t\t<img fetchpriority=\"high\" decoding=\"async\" width=\"2560\" height=\"2560\" src=\"https:\/\/iotbcn.com\/wp-content\/uploads\/2025\/02\/pexels-googledeepmind-18069157-scaled.jpg\" class=\"attachment-full size-full wp-image-262\" alt=\"Software a medida\" srcset=\"https:\/\/iotbcn.com\/wp-content\/uploads\/2025\/02\/pexels-googledeepmind-18069157-scaled.jpg 2560w, https:\/\/iotbcn.com\/wp-content\/uploads\/2025\/02\/pexels-googledeepmind-18069157-300x300.jpg 300w, https:\/\/iotbcn.com\/wp-content\/uploads\/2025\/02\/pexels-googledeepmind-18069157-1024x1024.jpg 1024w, https:\/\/iotbcn.com\/wp-content\/uploads\/2025\/02\/pexels-googledeepmind-18069157-150x150.jpg 150w, https:\/\/iotbcn.com\/wp-content\/uploads\/2025\/02\/pexels-googledeepmind-18069157-768x768.jpg 768w, https:\/\/iotbcn.com\/wp-content\/uploads\/2025\/02\/pexels-googledeepmind-18069157-1536x1536.jpg 1536w, https:\/\/iotbcn.com\/wp-content\/uploads\/2025\/02\/pexels-googledeepmind-18069157-2048x2048.jpg 2048w, https:\/\/iotbcn.com\/wp-content\/uploads\/2025\/02\/pexels-googledeepmind-18069157-100x100.jpg 100w, https:\/\/iotbcn.com\/wp-content\/uploads\/2025\/02\/pexels-googledeepmind-18069157-200x200.jpg 200w, https:\/\/iotbcn.com\/wp-content\/uploads\/2025\/02\/pexels-googledeepmind-18069157-400x400.jpg 400w, https:\/\/iotbcn.com\/wp-content\/uploads\/2025\/02\/pexels-googledeepmind-18069157-500x500.jpg 500w\" sizes=\"(max-width: 2560px) 100vw, 2560px\" \/>\t\t\t\t\t\t\t\t\t\t\t\t\t\t\t<\/div>\n\t\t\t\t<\/div>\n\t\t\t\t\t<\/div>\n\t\t<\/div>\n\t\t\t\t<div class=\"elementor-column elementor-col-50 elementor-top-column elementor-element elementor-element-4e2b1d96\" data-id=\"4e2b1d96\" data-element_type=\"column\">\n\t\t\t<div class=\"elementor-widget-wrap elementor-element-populated\">\n\t\t\t\t\t\t<div class=\"elementor-element elementor-element-37eeada5 elementor-widget__width-initial elementor-widget-tablet__width-inherit elementor-invisible elementor-widget elementor-widget-heading\" data-id=\"37eeada5\" data-element_type=\"widget\" data-settings=\"{&quot;_animation&quot;:&quot;fadeInRight&quot;}\" data-widget_type=\"heading.default\">\n\t\t\t\t<div class=\"elementor-widget-container\">\n\t\t\t\t\t<h2 class=\"elementor-heading-title elementor-size-default\">Soluciones personalizadas para tu negocio<\/h2>\t\t\t\t<\/div>\n\t\t\t\t<\/div>\n\t\t\t\t<div class=\"elementor-element elementor-element-274e7bc2 elementor-invisible elementor-widget elementor-widget-text-editor\" data-id=\"274e7bc2\" data-element_type=\"widget\" data-settings=\"{&quot;_animation&quot;:&quot;fadeInRight&quot;}\" data-widget_type=\"text-editor.default\">\n\t\t\t\t<div class=\"elementor-widget-container\">\n\t\t\t\t\t\t\t\t\t<p data-start=\"194\" data-end=\"629\">Sabemos que no todas las empresas operan de la misma manera. Por eso, ofrecemos <strong data-start=\"305\" data-end=\"340\">desarrollo de software a medida<\/strong>, dise\u00f1ado para adaptarse a las necesidades espec\u00edficas de tu negocio. No se trata solo de crear una aplicaci\u00f3n, sino de crear una <strong data-start=\"471\" data-end=\"498\">herramienta estrat\u00e9gica<\/strong> que impulse la eficiencia y productividad de tu empresa, optimizando procesos y mejorando la interacci\u00f3n con clientes y empleados.<\/p><p data-start=\"631\" data-end=\"916\">Ya sea que necesites una <strong data-start=\"656\" data-end=\"678\">plataforma interna<\/strong> para gestionar proyectos o un <strong data-start=\"709\" data-end=\"734\">sistema personalizado<\/strong> para interactuar con tus clientes, nuestro equipo se encargar\u00e1 de desarrollar la soluci\u00f3n m\u00e1s adecuada para ti, asegurando una integraci\u00f3n perfecta con tu infraestructura existente.<\/p>\t\t\t\t\t\t\t\t<\/div>\n\t\t\t\t<\/div>\n\t\t\t\t\t<\/div>\n\t\t<\/div>\n\t\t\t\t\t<\/div>\n\t\t<\/section>\n\t\t<div class=\"elementor-element elementor-element-c7e2eac e-flex e-con-boxed e-con e-parent\" data-id=\"c7e2eac\" data-element_type=\"container\">\n\t\t\t\t\t<div class=\"e-con-inner\">\n\t\t\t\t<div class=\"elementor-element elementor-element-784d838 elementor-widget elementor-widget-heading\" data-id=\"784d838\" data-element_type=\"widget\" data-widget_type=\"heading.default\">\n\t\t\t\t<div class=\"elementor-widget-container\">\n\t\t\t\t\t<h2 class=\"elementor-heading-title elementor-size-default\"><h3 data-start=\"848\" data-end=\"889\" style=\"font-style: normal\"><span data-start=\"852\" data-end=\"889\">Nuestro proceso de desarrollo de sistemas a medida\n<\/span><\/h3><\/h2>\t\t\t\t<\/div>\n\t\t\t\t<\/div>\n\t\t<div class=\"elementor-element elementor-element-a1dedf2 e-con-full e-grid e-con e-child\" data-id=\"a1dedf2\" data-element_type=\"container\">\n\t\t\t\t<div class=\"elementor-element elementor-element-030a9b7 elementor-widget elementor-widget-heading\" data-id=\"030a9b7\" data-element_type=\"widget\" data-widget_type=\"heading.default\">\n\t\t\t\t<div class=\"elementor-widget-container\">\n\t\t\t\t\t<h2 class=\"elementor-heading-title elementor-size-default\"><strong data-start=\"894\" data-end=\"925\">An\u00e1lisis de <br>tus necesidades<\/strong><\/h2>\t\t\t\t<\/div>\n\t\t\t\t<\/div>\n\t\t\t\t<div class=\"elementor-element elementor-element-c36acaa elementor-widget elementor-widget-heading\" data-id=\"c36acaa\" data-element_type=\"widget\" data-widget_type=\"heading.default\">\n\t\t\t\t<div class=\"elementor-widget-container\">\n\t\t\t\t\t<h2 class=\"elementor-heading-title elementor-size-default\"><strong data-start=\"1355\" data-end=\"1380\">Dise\u00f1o de la soluci\u00f3n<\/strong><\/h2>\t\t\t\t<\/div>\n\t\t\t\t<\/div>\n\t\t\t\t<div class=\"elementor-element elementor-element-957053f elementor-widget elementor-widget-heading\" data-id=\"957053f\" data-element_type=\"widget\" data-widget_type=\"heading.default\">\n\t\t\t\t<div class=\"elementor-widget-container\">\n\t\t\t\t\t<h2 class=\"elementor-heading-title elementor-size-default\"><strong data-start=\"1789\" data-end=\"1818\">Desarrollo y programaci\u00f3n<\/strong><\/h2>\t\t\t\t<\/div>\n\t\t\t\t<\/div>\n\t\t\t\t<div class=\"elementor-element elementor-element-1b93218 elementor-widget elementor-widget-heading\" data-id=\"1b93218\" data-element_type=\"widget\" data-widget_type=\"heading.default\">\n\t\t\t\t<div class=\"elementor-widget-container\">\n\t\t\t\t\t<h2 class=\"elementor-heading-title elementor-size-default\"><strong data-start=\"2215\" data-end=\"2239\">Pruebas y validaci\u00f3n<\/strong><\/h2>\t\t\t\t<\/div>\n\t\t\t\t<\/div>\n\t\t\t\t<div class=\"elementor-element elementor-element-bf76689 elementor-widget elementor-widget-heading\" data-id=\"bf76689\" data-element_type=\"widget\" data-widget_type=\"heading.default\">\n\t\t\t\t<div class=\"elementor-widget-container\">\n\t\t\t\t\t<h2 class=\"elementor-heading-title elementor-size-default\"><strong data-start=\"2532\" data-end=\"2569\">Implementaci\u00f3n y soporte continuo<\/strong><\/h2>\t\t\t\t<\/div>\n\t\t\t\t<\/div>\n\t\t\t\t<\/div>\n\t\t\t\t<div class=\"elementor-element elementor-element-c4c8096 elementor-widget elementor-widget-text-editor\" data-id=\"c4c8096\" data-element_type=\"widget\" data-widget_type=\"text-editor.default\">\n\t\t\t\t<div class=\"elementor-widget-container\">\n\t\t\t\t\t\t\t\t\t<ol data-start=\"983\" data-end=\"2917\"><li data-start=\"983\" data-end=\"1350\"><p data-start=\"986\" data-end=\"1350\"><strong data-start=\"986\" data-end=\"1013\">An\u00e1lisis de necesidades<\/strong> Todo comienza con una conversaci\u00f3n profunda sobre tus necesidades y objetivos. <strong data-start=\"1096\" data-end=\"1120\">Nos reunimos contigo<\/strong> para comprender los retos que enfrentas, identificar los procesos que deseas mejorar y definir las funcionalidades que necesitas en el software. Esta fase es crucial para asegurarnos de que estamos alineados con tus expectativas.<\/p><\/li><li data-start=\"1352\" data-end=\"1784\"><p data-start=\"1355\" data-end=\"1784\"><strong data-start=\"1355\" data-end=\"1380\">Dise\u00f1o de la soluci\u00f3n<\/strong> A partir de la informaci\u00f3n obtenida, nuestro equipo <strong data-start=\"1436\" data-end=\"1473\">dise\u00f1a una soluci\u00f3n personalizada<\/strong> que se adapta exactamente a tus requerimientos. Nos enfocamos en crear un <strong data-start=\"1548\" data-end=\"1570\">software intuitivo<\/strong> y f\u00e1cil de usar, que sea escalable y que crezca junto a tu empresa. En esta etapa, tambi\u00e9n nos aseguramos de que el software sea flexible, permitiendo futuras adaptaciones a medida que evolucionan tus necesidades.<\/p><\/li><li data-start=\"1786\" data-end=\"2210\"><p data-start=\"1789\" data-end=\"2210\"><strong data-start=\"1789\" data-end=\"1818\">Desarrollo y programaci\u00f3n<\/strong> Una vez definido el dise\u00f1o, comenzamos con la <strong data-start=\"1868\" data-end=\"1897\">programaci\u00f3n del software<\/strong>. Utilizamos las mejores pr\u00e1cticas de desarrollo y las \u00faltimas tecnolog\u00edas para asegurar que la soluci\u00f3n sea robusta, eficiente y segura. Nuestro equipo trabaja de manera \u00e1gil, con <strong data-start=\"2078\" data-end=\"2103\">iteraciones regulares<\/strong>, para garantizar que el desarrollo se ajuste a lo largo del tiempo a los cambios o necesidades emergentes.<\/p><\/li><li data-start=\"2212\" data-end=\"2527\"><p data-start=\"2215\" data-end=\"2527\"><strong data-start=\"2215\" data-end=\"2239\">Pruebas y validaci\u00f3n<\/strong> Antes de la implementaci\u00f3n final, realizamos <strong data-start=\"2288\" data-end=\"2311\">pruebas exhaustivas<\/strong> para asegurarnos de que el software funciona perfectamente. Validamos cada funcionalidad, identificamos posibles errores y ajustamos el software para garantizar que cumpla con los est\u00e1ndares de calidad establecidos.<\/p><\/li><li data-start=\"2529\" data-end=\"2917\"><p data-start=\"2532\" data-end=\"2917\"><strong data-start=\"2532\" data-end=\"2569\">Implementaci\u00f3n y soporte continuo<\/strong> Tras las pruebas, implementamos el software en tu entorno de producci\u00f3n y nos aseguramos de que el equipo est\u00e9 listo para usarlo. Adem\u00e1s, ofrecemos <strong data-start=\"2721\" data-end=\"2741\">soporte continuo<\/strong> para cualquier duda o ajuste posterior. A lo largo del tiempo, tambi\u00e9n te brindamos actualizaciones para mantener el software optimizado y en l\u00ednea con las nuevas tecnolog\u00edas.<\/p><\/li><\/ol>\t\t\t\t\t\t\t\t<\/div>\n\t\t\t\t<\/div>\n\t\t\t\t\t<\/div>\n\t\t\t\t<\/div>\n\t\t<div class=\"elementor-element elementor-element-de0cc52 e-flex e-con-boxed e-con e-parent\" data-id=\"de0cc52\" data-element_type=\"container\">\n\t\t\t\t\t<div class=\"e-con-inner\">\n\t\t<div class=\"elementor-element elementor-element-a57c4f9 e-con-full e-flex e-con e-child\" data-id=\"a57c4f9\" data-element_type=\"container\">\n\t\t\t\t<div class=\"elementor-element elementor-element-7afd9ff elementor-absolute elementor-widget elementor-widget-image\" data-id=\"7afd9ff\" data-element_type=\"widget\" data-settings=\"{&quot;_position&quot;:&quot;absolute&quot;}\" data-widget_type=\"image.default\">\n\t\t\t\t<div class=\"elementor-widget-container\">\n\t\t\t\t\t\t\t\t\t\t\t\t\t\t\t<img decoding=\"async\" width=\"2560\" height=\"1707\" src=\"https:\/\/iotbcn.com\/wp-content\/uploads\/2025\/02\/pexels-danny-meneses-340146-943096-scaled.jpg\" class=\"attachment-full size-full wp-image-261\" alt=\"\" srcset=\"https:\/\/iotbcn.com\/wp-content\/uploads\/2025\/02\/pexels-danny-meneses-340146-943096-scaled.jpg 2560w, https:\/\/iotbcn.com\/wp-content\/uploads\/2025\/02\/pexels-danny-meneses-340146-943096-300x200.jpg 300w, https:\/\/iotbcn.com\/wp-content\/uploads\/2025\/02\/pexels-danny-meneses-340146-943096-1024x683.jpg 1024w, https:\/\/iotbcn.com\/wp-content\/uploads\/2025\/02\/pexels-danny-meneses-340146-943096-768x512.jpg 768w, https:\/\/iotbcn.com\/wp-content\/uploads\/2025\/02\/pexels-danny-meneses-340146-943096-1536x1024.jpg 1536w, https:\/\/iotbcn.com\/wp-content\/uploads\/2025\/02\/pexels-danny-meneses-340146-943096-2048x1365.jpg 2048w\" sizes=\"(max-width: 2560px) 100vw, 2560px\" \/>\t\t\t\t\t\t\t\t\t\t\t\t\t\t\t<\/div>\n\t\t\t\t<\/div>\n\t\t\t\t<\/div>\n\t\t<div class=\"elementor-element elementor-element-99cc1fc e-con-full e-flex e-con e-child\" data-id=\"99cc1fc\" data-element_type=\"container\">\n\t\t\t\t<div class=\"elementor-element elementor-element-af0c5dc elementor-widget elementor-widget-heading\" data-id=\"af0c5dc\" data-element_type=\"widget\" data-widget_type=\"heading.default\">\n\t\t\t\t<div class=\"elementor-widget-container\">\n\t\t\t\t\t<h1 class=\"elementor-heading-title elementor-size-default\">\u00bfPor qu\u00e9 elegir nuestros servicios?\n<\/h1>\t\t\t\t<\/div>\n\t\t\t\t<\/div>\n\t\t\t\t<div class=\"elementor-element elementor-element-76ea7a6 elementor-widget elementor-widget-text-editor\" data-id=\"76ea7a6\" data-element_type=\"widget\" data-widget_type=\"text-editor.default\">\n\t\t\t\t<div class=\"elementor-widget-container\">\n\t\t\t\t\t\t\t\t\t<h3 data-start=\"111\" data-end=\"161\">\u00a0<\/h3><ul data-start=\"163\" data-end=\"1184\"><li data-start=\"163\" data-end=\"305\"><strong data-start=\"165\" data-end=\"202\">Adaptaci\u00f3n perfecta a tu negocio:<\/strong> Creamos soluciones que se ajustan exactamente a las necesidades de tu empresa, no soluciones est\u00e1ndar.<\/li><li data-start=\"306\" data-end=\"457\"><strong data-start=\"308\" data-end=\"341\">Escalabilidad y flexibilidad:<\/strong> Nuestro software est\u00e1 dise\u00f1ado para crecer con tu empresa y adaptarse a los cambios que puedan surgir en el futuro.<\/li><li data-start=\"458\" data-end=\"571\"><strong data-start=\"460\" data-end=\"484\">Tecnolog\u00eda avanzada:<\/strong> Usamos las \u00faltimas tecnolog\u00edas para ofrecerte un software robusto, seguro y eficiente.<\/li><li data-start=\"572\" data-end=\"724\"><strong data-start=\"574\" data-end=\"595\">Soporte continuo:<\/strong> No solo entregamos el software, sino que tambi\u00e9n te acompa\u00f1amos con soporte post-implementaci\u00f3n para asegurar su \u00e9xito continuo.<\/li><li data-start=\"725\" data-end=\"1184\"><strong data-start=\"727\" data-end=\"751\">Transparencia total:<\/strong> Creemos en la <strong data-start=\"766\" data-end=\"783\">transparencia<\/strong> y en dar a nuestros clientes <strong data-start=\"813\" data-end=\"833\">completo control<\/strong> sobre su software. Al finalizar el proyecto, te entregamos todo el <strong data-start=\"901\" data-end=\"918\">c\u00f3digo fuente<\/strong> y la documentaci\u00f3n necesaria. Si decides continuar por tu cuenta o trabajar con otro proveedor, no tendr\u00e1s que pagar ning\u00fan cargo adicional ni enfrentar costos ocultos, porque nuestro objetivo es ofrecerte las herramientas que realmente necesitas sin restricciones.<\/li><\/ul>\t\t\t\t\t\t\t\t<\/div>\n\t\t\t\t<\/div>\n\t\t\t\t<\/div>\n\t\t\t\t\t<\/div>\n\t\t\t\t<\/div>\n\t\t\t\t<\/div>\n\t\t","protected":false},"excerpt":{"rendered":"<p>Sistemas a medida Soluciones personalizadas para tu negocio Sabemos que no todas las empresas operan de la misma manera. Por [&hellip;]<\/p>\n","protected":false},"author":1,"featured_media":0,"parent":0,"menu_order":0,"comment_status":"closed","ping_status":"closed","template":"elementor_header_footer","meta":{"site-sidebar-layout":"default","site-content-layout":"","ast-site-content-layout":"","site-content-style":"default","site-sidebar-style":"default","ast-global-header-display":"","ast-banner-title-visibility":"","ast-main-header-display":"","ast-hfb-above-header-display":"","ast-hfb-below-header-display":"","ast-hfb-mobile-header-display":"","site-post-title":"","ast-breadcrumbs-content":"","ast-featured-img":"","footer-sml-layout":"","theme-transparent-header-meta":"","adv-header-id-meta":"","stick-header-meta":"","header-above-stick-meta":"","header-main-stick-meta":"","header-below-stick-meta":"","astra-migrate-meta-layouts":"default","ast-page-background-enabled":"default","ast-page-background-meta":{"desktop":{"background-color":"var(--ast-global-color-5)","background-image":"","background-repeat":"repeat","background-position":"center center","background-size":"auto","background-attachment":"scroll","background-type":"","background-media":"","overlay-type":"","overlay-color":"","overlay-opacity":"","overlay-gradient":""},"tablet":{"background-color":"","background-image":"","background-repeat":"repeat","background-position":"center center","background-size":"auto","background-attachment":"scroll","background-type":"","background-media":"","overlay-type":"","overlay-color":"","overlay-opacity":"","overlay-gradient":""},"mobile":{"background-color":"","background-image":"","background-repeat":"repeat","background-position":"center center","background-size":"auto","background-attachment":"scroll","background-type":"","background-media":"","overlay-type":"","overlay-color":"","overlay-opacity":"","overlay-gradient":""}},"ast-content-background-meta":{"desktop":{"background-color":"var(--ast-global-color-4)","background-image":"","background-repeat":"repeat","background-position":"center center","background-size":"auto","background-attachment":"scroll","background-type":"","background-media":"","overlay-type":"","overlay-color":"","overlay-opacity":"","overlay-gradient":""},"tablet":{"background-color":"var(--ast-global-color-4)","background-image":"","background-repeat":"repeat","background-position":"center center","background-size":"auto","background-attachment":"scroll","background-type":"","background-media":"","overlay-type":"","overlay-color":"","overlay-opacity":"","overlay-gradient":""},"mobile":{"background-color":"var(--ast-global-color-4)","background-image":"","background-repeat":"repeat","background-position":"center center","background-size":"auto","background-attachment":"scroll","background-type":"","background-media":"","overlay-type":"","overlay-color":"","overlay-opacity":"","overlay-gradient":""}},"footnotes":""},"class_list":["post-252","page","type-page","status-publish","hentry"],"_links":{"self":[{"href":"https:\/\/iotbcn.com\/index.php?rest_route=\/wp\/v2\/pages\/252","targetHints":{"allow":["GET"]}}],"collection":[{"href":"https:\/\/iotbcn.com\/index.php?rest_route=\/wp\/v2\/pages"}],"about":[{"href":"https:\/\/iotbcn.com\/index.php?rest_route=\/wp\/v2\/types\/page"}],"author":[{"embeddable":true,"href":"https:\/\/iotbcn.com\/index.php?rest_route=\/wp\/v2\/users\/1"}],"replies":[{"embeddable":true,"href":"https:\/\/iotbcn.com\/index.php?rest_route=%2Fwp%2Fv2%2Fcomments&post=252"}],"version-history":[{"count":10,"href":"https:\/\/iotbcn.com\/index.php?rest_route=\/wp\/v2\/pages\/252\/revisions"}],"predecessor-version":[{"id":265,"href":"https:\/\/iotbcn.com\/index.php?rest_route=\/wp\/v2\/pages\/252\/revisions\/265"}],"wp:attachment":[{"href":"https:\/\/iotbcn.com\/index.php?rest_route=%2Fwp%2Fv2%2Fmedia&parent=252"}],"curies":[{"name":"wp","href":"https:\/\/api.w.org\/{rel}","templated":true}]}}