{"id":212,"date":"2025-02-24T19:10:08","date_gmt":"2025-02-24T18:10:08","guid":{"rendered":"https:\/\/iotbcn.com\/?page_id=212"},"modified":"2025-02-26T20:59:18","modified_gmt":"2025-02-26T19:59:18","slug":"about-copy","status":"publish","type":"page","link":"https:\/\/iotbcn.com\/?page_id=212","title":{"rendered":"Consultoria IT"},"content":{"rendered":"\t\t<div data-elementor-type=\"wp-page\" data-elementor-id=\"212\" class=\"elementor elementor-212\">\n\t\t\t\t\t\t<section class=\"elementor-section elementor-top-section elementor-element elementor-element-201a4f82 elementor-section-boxed elementor-section-height-default elementor-section-height-default\" data-id=\"201a4f82\" data-element_type=\"section\" data-settings=\"{&quot;background_background&quot;:&quot;gradient&quot;}\">\n\t\t\t\t\t\t<div class=\"elementor-container elementor-column-gap-no\">\n\t\t\t\t\t<div class=\"elementor-column elementor-col-100 elementor-top-column elementor-element elementor-element-49484ab2\" data-id=\"49484ab2\" data-element_type=\"column\">\n\t\t\t<div class=\"elementor-widget-wrap elementor-element-populated\">\n\t\t\t\t\t\t<div class=\"elementor-element elementor-element-64e9fee9 elementor-widget elementor-widget-heading\" data-id=\"64e9fee9\" data-element_type=\"widget\" data-widget_type=\"heading.default\">\n\t\t\t\t<div class=\"elementor-widget-container\">\n\t\t\t\t\t<p class=\"elementor-heading-title elementor-size-default\">Consultoria IT<\/p>\t\t\t\t<\/div>\n\t\t\t\t<\/div>\n\t\t\t\t<div class=\"elementor-element elementor-element-300c0bc9 elementor-widget__width-initial elementor-absolute elementor-widget elementor-widget-image\" data-id=\"300c0bc9\" data-element_type=\"widget\" data-settings=\"{&quot;_position&quot;:&quot;absolute&quot;}\" data-widget_type=\"image.default\">\n\t\t\t\t<div class=\"elementor-widget-container\">\n\t\t\t\t\t\t\t\t\t\t\t\t\t\t\t<img decoding=\"async\" width=\"39\" height=\"39\" src=\"https:\/\/iotbcn.com\/wp-content\/uploads\/2024\/03\/4fd38dc7-object-20-a.png\" class=\"attachment-full size-full wp-image-16\" alt=\"\" \/>\t\t\t\t\t\t\t\t\t\t\t\t\t\t\t<\/div>\n\t\t\t\t<\/div>\n\t\t\t\t\t<\/div>\n\t\t<\/div>\n\t\t\t\t\t<\/div>\n\t\t<\/section>\n\t\t\t\t<section class=\"elementor-section elementor-top-section elementor-element elementor-element-671dac47 elementor-section-content-middle elementor-section-boxed elementor-section-height-default elementor-section-height-default\" data-id=\"671dac47\" data-element_type=\"section\">\n\t\t\t\t\t\t<div class=\"elementor-container elementor-column-gap-no\">\n\t\t\t\t\t<div class=\"elementor-column elementor-col-50 elementor-top-column elementor-element elementor-element-51b2c0c1\" data-id=\"51b2c0c1\" data-element_type=\"column\">\n\t\t\t<div class=\"elementor-widget-wrap elementor-element-populated\">\n\t\t\t\t\t\t<div class=\"elementor-element elementor-element-7976cd45 elementor-invisible elementor-widget elementor-widget-image\" data-id=\"7976cd45\" data-element_type=\"widget\" data-settings=\"{&quot;_animation&quot;:&quot;zoomIn&quot;}\" data-widget_type=\"image.default\">\n\t\t\t\t<div class=\"elementor-widget-container\">\n\t\t\t\t\t\t\t\t\t\t\t\t\t\t\t<img fetchpriority=\"high\" decoding=\"async\" width=\"2560\" height=\"1440\" src=\"https:\/\/iotbcn.com\/wp-content\/uploads\/2025\/02\/pexels-fauxels-3184292-1-scaled.jpg\" class=\"attachment-full size-full wp-image-213\" alt=\"\" srcset=\"https:\/\/iotbcn.com\/wp-content\/uploads\/2025\/02\/pexels-fauxels-3184292-1-scaled.jpg 2560w, https:\/\/iotbcn.com\/wp-content\/uploads\/2025\/02\/pexels-fauxels-3184292-1-300x169.jpg 300w, https:\/\/iotbcn.com\/wp-content\/uploads\/2025\/02\/pexels-fauxels-3184292-1-1024x576.jpg 1024w, https:\/\/iotbcn.com\/wp-content\/uploads\/2025\/02\/pexels-fauxels-3184292-1-768x432.jpg 768w, https:\/\/iotbcn.com\/wp-content\/uploads\/2025\/02\/pexels-fauxels-3184292-1-1536x864.jpg 1536w, https:\/\/iotbcn.com\/wp-content\/uploads\/2025\/02\/pexels-fauxels-3184292-1-2048x1152.jpg 2048w\" sizes=\"(max-width: 2560px) 100vw, 2560px\" \/>\t\t\t\t\t\t\t\t\t\t\t\t\t\t\t<\/div>\n\t\t\t\t<\/div>\n\t\t\t\t\t<\/div>\n\t\t<\/div>\n\t\t\t\t<div class=\"elementor-column elementor-col-50 elementor-top-column elementor-element elementor-element-4e2b1d96\" data-id=\"4e2b1d96\" data-element_type=\"column\">\n\t\t\t<div class=\"elementor-widget-wrap elementor-element-populated\">\n\t\t\t\t\t\t<div class=\"elementor-element elementor-element-37eeada5 elementor-widget__width-initial elementor-widget-tablet__width-inherit elementor-invisible elementor-widget elementor-widget-heading\" data-id=\"37eeada5\" data-element_type=\"widget\" data-settings=\"{&quot;_animation&quot;:&quot;fadeInRight&quot;}\" data-widget_type=\"heading.default\">\n\t\t\t\t<div class=\"elementor-widget-container\">\n\t\t\t\t\t<h2 class=\"elementor-heading-title elementor-size-default\">Impulsando el futuro de la tecnolog\u00eda\n\n<\/h2>\t\t\t\t<\/div>\n\t\t\t\t<\/div>\n\t\t\t\t<div class=\"elementor-element elementor-element-274e7bc2 elementor-invisible elementor-widget elementor-widget-text-editor\" data-id=\"274e7bc2\" data-element_type=\"widget\" data-settings=\"{&quot;_animation&quot;:&quot;fadeInRight&quot;}\" data-widget_type=\"text-editor.default\">\n\t\t\t\t<div class=\"elementor-widget-container\">\n\t\t\t\t\t\t\t\t\t<p data-start=\"237\" data-end=\"526\">Entendemos que cada negocio tiene sus propios retos y objetivos. Por eso, nuestra <strong data-start=\"350\" data-end=\"368\">consultor\u00eda IT<\/strong> se enfoca en ofrecer soluciones tecnol\u00f3gicas personalizadas que optimicen tus procesos, mejoren la eficiencia y te ayuden a alcanzar tus metas a largo plazo.<\/p><p data-start=\"528\" data-end=\"841\">Nuestro equipo de expertos trabaja contigo para <strong data-start=\"576\" data-end=\"607\">identificar \u00e1reas de mejora<\/strong>, <strong data-start=\"609\" data-end=\"635\">optimizar tus sistemas<\/strong> y <strong data-start=\"638\" data-end=\"663\">adaptar la tecnolog\u00eda<\/strong> a las necesidades espec\u00edficas de tu empresa, asegurando que cada soluci\u00f3n implementada no solo resuelva un problema t\u00e9cnico, sino que tambi\u00e9n impulse tu negocio hacia el futuro.<\/p><p data-start=\"694\" data-end=\"1015\">\u00a0<\/p>\t\t\t\t\t\t\t\t<\/div>\n\t\t\t\t<\/div>\n\t\t\t\t\t<\/div>\n\t\t<\/div>\n\t\t\t\t\t<\/div>\n\t\t<\/section>\n\t\t<div class=\"elementor-element elementor-element-c7e2eac e-flex e-con-boxed e-con e-parent\" data-id=\"c7e2eac\" data-element_type=\"container\">\n\t\t\t\t\t<div class=\"e-con-inner\">\n\t\t\t\t<div class=\"elementor-element elementor-element-784d838 elementor-widget elementor-widget-heading\" data-id=\"784d838\" data-element_type=\"widget\" data-widget_type=\"heading.default\">\n\t\t\t\t<div class=\"elementor-widget-container\">\n\t\t\t\t\t<h2 class=\"elementor-heading-title elementor-size-default\"><h3 data-start=\"848\" data-end=\"889\" style=\"font-style: normal\"><span data-start=\"852\" data-end=\"889\">Nuestro proceso de consultor\u00eda IT<\/span><\/h3><\/h2>\t\t\t\t<\/div>\n\t\t\t\t<\/div>\n\t\t<div class=\"elementor-element elementor-element-a1dedf2 e-con-full e-grid e-con e-child\" data-id=\"a1dedf2\" data-element_type=\"container\">\n\t\t\t\t<div class=\"elementor-element elementor-element-030a9b7 elementor-widget elementor-widget-heading\" data-id=\"030a9b7\" data-element_type=\"widget\" data-widget_type=\"heading.default\">\n\t\t\t\t<div class=\"elementor-widget-container\">\n\t\t\t\t\t<h2 class=\"elementor-heading-title elementor-size-default\"><strong data-start=\"894\" data-end=\"925\">An\u00e1lisis de <br>tus necesidades<\/strong><\/h2>\t\t\t\t<\/div>\n\t\t\t\t<\/div>\n\t\t\t\t<div class=\"elementor-element elementor-element-c36acaa elementor-widget elementor-widget-heading\" data-id=\"c36acaa\" data-element_type=\"widget\" data-widget_type=\"heading.default\">\n\t\t\t\t<div class=\"elementor-widget-container\">\n\t\t\t\t\t<h2 class=\"elementor-heading-title elementor-size-default\"><strong data-start=\"1220\" data-end=\"1259\">Dise\u00f1o de la estrategia tecnol\u00f3gica<\/strong><\/h2>\t\t\t\t<\/div>\n\t\t\t\t<\/div>\n\t\t\t\t<div class=\"elementor-element elementor-element-957053f elementor-widget elementor-widget-heading\" data-id=\"957053f\" data-element_type=\"widget\" data-widget_type=\"heading.default\">\n\t\t\t\t<div class=\"elementor-widget-container\">\n\t\t\t\t\t<h2 class=\"elementor-heading-title elementor-size-default\"><strong data-start=\"1536\" data-end=\"1569\">Implementaci\u00f3n y optimizaci\u00f3n<\/strong><\/h2>\t\t\t\t<\/div>\n\t\t\t\t<\/div>\n\t\t\t\t<div class=\"elementor-element elementor-element-1b93218 elementor-widget elementor-widget-heading\" data-id=\"1b93218\" data-element_type=\"widget\" data-widget_type=\"heading.default\">\n\t\t\t\t<div class=\"elementor-widget-container\">\n\t\t\t\t\t<h2 class=\"elementor-heading-title elementor-size-default\"><strong data-start=\"894\" data-end=\"925\"><strong data-start=\"1849\" data-end=\"1875\">Capacitaci\u00f3n y soporte<\/strong><\/strong><\/h2>\t\t\t\t<\/div>\n\t\t\t\t<\/div>\n\t\t\t\t<div class=\"elementor-element elementor-element-bf76689 elementor-widget elementor-widget-heading\" data-id=\"bf76689\" data-element_type=\"widget\" data-widget_type=\"heading.default\">\n\t\t\t\t<div class=\"elementor-widget-container\">\n\t\t\t\t\t<h2 class=\"elementor-heading-title elementor-size-default\"><strong data-start=\"894\" data-end=\"925\"><strong data-start=\"2181\" data-end=\"2213\">Monitoreo continuo y ajustes<\/strong><\/strong><\/h2>\t\t\t\t<\/div>\n\t\t\t\t<\/div>\n\t\t\t\t<\/div>\n\t\t\t\t<div class=\"elementor-element elementor-element-c4c8096 elementor-widget elementor-widget-text-editor\" data-id=\"c4c8096\" data-element_type=\"widget\" data-widget_type=\"text-editor.default\">\n\t\t\t\t<div class=\"elementor-widget-container\">\n\t\t\t\t\t\t\t\t\t<ol data-start=\"891\" data-end=\"2465\"><li data-start=\"891\" data-end=\"1215\"><p data-start=\"894\" data-end=\"1215\"><strong data-start=\"894\" data-end=\"925\">An\u00e1lisis de tus necesidades, <\/strong>comenzamos por entender a fondo tu negocio. <strong data-start=\"973\" data-end=\"1003\">Nos reunimos con tu equipo<\/strong> para conocer los procesos actuales, las \u00e1reas de oportunidad y los desaf\u00edos que enfrenta tu empresa en t\u00e9rminos tecnol\u00f3gicos. Esta fase es clave para personalizar nuestra soluci\u00f3n IT a tus objetivos espec\u00edficos.<\/p><\/li><li data-start=\"1217\" data-end=\"1531\"><p data-start=\"1220\" data-end=\"1531\"><strong data-start=\"1220\" data-end=\"1259\">Dise\u00f1o de la estrategia tecnol\u00f3gica,<\/strong> despu\u00e9s de entender tus necesidades, <strong data-start=\"1300\" data-end=\"1341\">elaboramos una estrategia tecnol\u00f3gica<\/strong> que se alinee con los objetivos de tu negocio. Proponemos soluciones pr\u00e1cticas y escalables, que cubren desde la infraestructura IT hasta la integraci\u00f3n de software y la mejora de procesos.<\/p><\/li><li data-start=\"1533\" data-end=\"1844\"><p data-start=\"1536\" data-end=\"1844\"><strong data-start=\"1536\" data-end=\"1569\">Implementaci\u00f3n y optimizaci\u00f3n,<\/strong> nos encargamos de <strong data-start=\"1591\" data-end=\"1635\">poner en marcha las soluciones dise\u00f1adas<\/strong>, integr\u00e1ndolas de manera eficiente con tu infraestructura existente. Adem\u00e1s, nos aseguramos de que el rendimiento sea \u00f3ptimo, <strong data-start=\"1762\" data-end=\"1792\">ajustando la configuraci\u00f3n<\/strong> para garantizar que todo funcione de manera fluida.<\/p><\/li><li data-start=\"1846\" data-end=\"2176\"><p data-start=\"1849\" data-end=\"2176\"><strong data-start=\"1849\" data-end=\"1875\">Capacitaci\u00f3n y soporte,<\/strong> sabemos que la adopci\u00f3n de nuevas tecnolog\u00edas puede generar dudas. Por eso, ofrecemos <strong data-start=\"1965\" data-end=\"1992\">formaci\u00f3n personalizada<\/strong> para tu equipo, asegur\u00e1ndonos de que todos sepan c\u00f3mo aprovechar al m\u00e1ximo las nuevas soluciones. Adem\u00e1s, brindamos soporte continuo para resolver cualquier problema que pueda surgir.<\/p><\/li><li data-start=\"2178\" data-end=\"2465\"><p data-start=\"2181\" data-end=\"2465\"><strong data-start=\"2181\" data-end=\"2213\">Monitoreo continuo y ajustes,<\/strong> la tecnolog\u00eda est\u00e1 en constante evoluci\u00f3n. Por eso, <strong data-start=\"2269\" data-end=\"2308\">realizamos un seguimiento constante<\/strong> de los sistemas implementados, identificando posibles mejoras y ajustando las soluciones seg\u00fan las nuevas necesidades o cambios en el entorno de tu negocio.<\/p><\/li><\/ol>\t\t\t\t\t\t\t\t<\/div>\n\t\t\t\t<\/div>\n\t\t\t\t\t<\/div>\n\t\t\t\t<\/div>\n\t\t<div class=\"elementor-element elementor-element-de0cc52 e-flex e-con-boxed e-con e-parent\" data-id=\"de0cc52\" data-element_type=\"container\">\n\t\t\t\t\t<div class=\"e-con-inner\">\n\t\t<div class=\"elementor-element elementor-element-a57c4f9 e-con-full e-flex e-con e-child\" data-id=\"a57c4f9\" data-element_type=\"container\">\n\t\t\t\t<div class=\"elementor-element elementor-element-7afd9ff elementor-widget elementor-widget-image\" data-id=\"7afd9ff\" data-element_type=\"widget\" data-widget_type=\"image.default\">\n\t\t\t\t<div class=\"elementor-widget-container\">\n\t\t\t\t\t\t\t\t\t\t\t\t\t\t\t<img decoding=\"async\" width=\"2560\" height=\"1709\" src=\"https:\/\/iotbcn.com\/wp-content\/uploads\/2025\/02\/pexels-asphotograpy-106344-scaled.jpg\" class=\"attachment-full size-full wp-image-214\" alt=\"\" srcset=\"https:\/\/iotbcn.com\/wp-content\/uploads\/2025\/02\/pexels-asphotograpy-106344-scaled.jpg 2560w, https:\/\/iotbcn.com\/wp-content\/uploads\/2025\/02\/pexels-asphotograpy-106344-300x200.jpg 300w, https:\/\/iotbcn.com\/wp-content\/uploads\/2025\/02\/pexels-asphotograpy-106344-1024x684.jpg 1024w, https:\/\/iotbcn.com\/wp-content\/uploads\/2025\/02\/pexels-asphotograpy-106344-768x513.jpg 768w, https:\/\/iotbcn.com\/wp-content\/uploads\/2025\/02\/pexels-asphotograpy-106344-1536x1025.jpg 1536w, https:\/\/iotbcn.com\/wp-content\/uploads\/2025\/02\/pexels-asphotograpy-106344-2048x1367.jpg 2048w\" sizes=\"(max-width: 2560px) 100vw, 2560px\" \/>\t\t\t\t\t\t\t\t\t\t\t\t\t\t\t<\/div>\n\t\t\t\t<\/div>\n\t\t\t\t<\/div>\n\t\t<div class=\"elementor-element elementor-element-99cc1fc e-con-full e-flex e-con e-child\" data-id=\"99cc1fc\" data-element_type=\"container\">\n\t\t\t\t<div class=\"elementor-element elementor-element-af0c5dc elementor-widget elementor-widget-heading\" data-id=\"af0c5dc\" data-element_type=\"widget\" data-widget_type=\"heading.default\">\n\t\t\t\t<div class=\"elementor-widget-container\">\n\t\t\t\t\t<h1 class=\"elementor-heading-title elementor-size-default\">\u00bfPor qu\u00e9 elegir nuestra consultor\u00eda IT?\n<\/h1>\t\t\t\t<\/div>\n\t\t\t\t<\/div>\n\t\t\t\t<div class=\"elementor-element elementor-element-76ea7a6 elementor-widget elementor-widget-text-editor\" data-id=\"76ea7a6\" data-element_type=\"widget\" data-widget_type=\"text-editor.default\">\n\t\t\t\t<div class=\"elementor-widget-container\">\n\t\t\t\t\t\t\t\t\t<h3 data-start=\"2472\" data-end=\"2519\">&nbsp;<\/h3>\n<ul data-start=\"2521\" data-end=\"3080\">\n<li data-start=\"2521\" data-end=\"2642\"><strong data-start=\"2523\" data-end=\"2553\">Soluciones personalizadas:<\/strong> Creamos soluciones IT a medida para tu empresa, adaptadas a tus necesidades espec\u00edficas.<\/li>\n<\/ul>\n<ul data-start=\"2521\" data-end=\"3080\">\n<li data-start=\"2643\" data-end=\"2781\"><strong data-start=\"2645\" data-end=\"2669\">Transparencia:<\/strong> Nos mantenemos al tanto de las \u00faltimas tendencias tecnol\u00f3gicas para ofrecerte siempre las mejores herramientas.<\/li>\n<\/ul>\n<ul data-start=\"2521\" data-end=\"3080\">\n<li data-start=\"2782\" data-end=\"2898\"><strong data-start=\"2784\" data-end=\"2813\">Aumento de la eficiencia:<\/strong> Optimizamos tus procesos y sistemas, mejorando la productividad y reduciendo costes.<\/li>\n<\/ul>\n<ul data-start=\"2521\" data-end=\"3080\">\n<li data-start=\"2899\" data-end=\"3080\"><strong data-start=\"2901\" data-end=\"2929\">Compromiso con el exito:<\/strong> Trabajamos contigo en cada etapa del proceso, asegur\u00e1ndonos de que las soluciones implementadas ayuden a tu negocio a crecer y mantenerse competitivo.<\/li>\n<\/ul>\t\t\t\t\t\t\t\t<\/div>\n\t\t\t\t<\/div>\n\t\t\t\t<\/div>\n\t\t\t\t\t<\/div>\n\t\t\t\t<\/div>\n\t\t\t\t<\/div>\n\t\t","protected":false},"excerpt":{"rendered":"<p>Consultoria IT Impulsando el futuro de la tecnolog\u00eda Entendemos que cada negocio tiene sus propios retos y objetivos. Por eso, [&hellip;]<\/p>\n","protected":false},"author":1,"featured_media":0,"parent":0,"menu_order":0,"comment_status":"closed","ping_status":"closed","template":"elementor_header_footer","meta":{"site-sidebar-layout":"default","site-content-layout":"","ast-site-content-layout":"","site-content-style":"default","site-sidebar-style":"default","ast-global-header-display":"","ast-banner-title-visibility":"","ast-main-header-display":"","ast-hfb-above-header-display":"","ast-hfb-below-header-display":"","ast-hfb-mobile-header-display":"","site-post-title":"","ast-breadcrumbs-content":"","ast-featured-img":"","footer-sml-layout":"","theme-transparent-header-meta":"","adv-header-id-meta":"","stick-header-meta":"","header-above-stick-meta":"","header-main-stick-meta":"","header-below-stick-meta":"","astra-migrate-meta-layouts":"default","ast-page-background-enabled":"default","ast-page-background-meta":{"desktop":{"background-color":"var(--ast-global-color-5)","background-image":"","background-repeat":"repeat","background-position":"center center","background-size":"auto","background-attachment":"scroll","background-type":"","background-media":"","overlay-type":"","overlay-color":"","overlay-opacity":"","overlay-gradient":""},"tablet":{"background-color":"","background-image":"","background-repeat":"repeat","background-position":"center center","background-size":"auto","background-attachment":"scroll","background-type":"","background-media":"","overlay-type":"","overlay-color":"","overlay-opacity":"","overlay-gradient":""},"mobile":{"background-color":"","background-image":"","background-repeat":"repeat","background-position":"center center","background-size":"auto","background-attachment":"scroll","background-type":"","background-media":"","overlay-type":"","overlay-color":"","overlay-opacity":"","overlay-gradient":""}},"ast-content-background-meta":{"desktop":{"background-color":"var(--ast-global-color-4)","background-image":"","background-repeat":"repeat","background-position":"center center","background-size":"auto","background-attachment":"scroll","background-type":"","background-media":"","overlay-type":"","overlay-color":"","overlay-opacity":"","overlay-gradient":""},"tablet":{"background-color":"var(--ast-global-color-4)","background-image":"","background-repeat":"repeat","background-position":"center center","background-size":"auto","background-attachment":"scroll","background-type":"","background-media":"","overlay-type":"","overlay-color":"","overlay-opacity":"","overlay-gradient":""},"mobile":{"background-color":"var(--ast-global-color-4)","background-image":"","background-repeat":"repeat","background-position":"center center","background-size":"auto","background-attachment":"scroll","background-type":"","background-media":"","overlay-type":"","overlay-color":"","overlay-opacity":"","overlay-gradient":""}},"footnotes":""},"class_list":["post-212","page","type-page","status-publish","hentry"],"_links":{"self":[{"href":"https:\/\/iotbcn.com\/index.php?rest_route=\/wp\/v2\/pages\/212","targetHints":{"allow":["GET"]}}],"collection":[{"href":"https:\/\/iotbcn.com\/index.php?rest_route=\/wp\/v2\/pages"}],"about":[{"href":"https:\/\/iotbcn.com\/index.php?rest_route=\/wp\/v2\/types\/page"}],"author":[{"embeddable":true,"href":"https:\/\/iotbcn.com\/index.php?rest_route=\/wp\/v2\/users\/1"}],"replies":[{"embeddable":true,"href":"https:\/\/iotbcn.com\/index.php?rest_route=%2Fwp%2Fv2%2Fcomments&post=212"}],"version-history":[{"count":7,"href":"https:\/\/iotbcn.com\/index.php?rest_route=\/wp\/v2\/pages\/212\/revisions"}],"predecessor-version":[{"id":248,"href":"https:\/\/iotbcn.com\/index.php?rest_route=\/wp\/v2\/pages\/212\/revisions\/248"}],"wp:attachment":[{"href":"https:\/\/iotbcn.com\/index.php?rest_route=%2Fwp%2Fv2%2Fmedia&parent=212"}],"curies":[{"name":"wp","href":"https:\/\/api.w.org\/{rel}","templated":true}]}}